{"id":1517,"date":"2025-11-13T11:29:14","date_gmt":"2025-11-13T11:29:14","guid":{"rendered":"https:\/\/gameartoutsourcestudio.de\/product\/arte-de-niveles-soluciones-de-calidad-para-tu-proyecto-de-juego-paris-15\/"},"modified":"2025-11-13T11:40:50","modified_gmt":"2025-11-13T11:40:50","slug":"arte-de-niveles-soluciones-de-calidad-para-tu-proyecto-de-juego-paris-15","status":"publish","type":"product","link":"https:\/\/gameartoutsourcestudio.de\/it\/product\/arte-de-niveles-soluciones-de-calidad-para-tu-proyecto-de-juego-paris-15\/","title":{"rendered":"Arte de Niveles: Soluciones de Calidad para tu Proyecto de Juego &#8211; Par\u00eds (15+&#8230;"},"content":{"rendered":"<h2><b>Servicios Premier de LiveOps de Juegos, Desarrollo Especializado (VR) y QA Integral<\/b><\/h2>\n<p>\u00a0<\/p>\n<p>\u00a0<\/p>\n<h3><b>Introducci\u00f3n: M\u00e1s All\u00e1 del Lanzamiento \u2013 La Ciencia del \u00c9xito Sostenido<\/b><\/h3>\n<p>\u00a0<\/p>\n<p>En la econom\u00eda moderna de \u00abJuegos como Servicio\u00bb (GaaS), el \u00abd\u00eda de lanzamiento\u00bb no es la l\u00ednea de meta; es la l\u00ednea de salida. Un lanzamiento exitoso es simplemente el comienzo de una relaci\u00f3n a largo plazo con sus jugadores. La verdadera batalla por el \u00e9xito, la retenci\u00f3n de jugadores y los ingresos a largo plazo se gana o se pierde en los meses y a\u00f1os <i>posteriores<\/i> al lanzamiento. Este marat\u00f3n continuo es el dominio de las <b>Operaciones en Vivo de Juegos (LiveOps)<\/b>.<\/p>\n<p>Al mismo tiempo, la industria est\u00e1 constantemente empujando nuevos l\u00edmites tecnol\u00f3gicos, creando nuevas plataformas que exigen paradigmas de dise\u00f1o completamente nuevos y experiencia t\u00e9cnica especializada. El <b>Desarrollo de Juegos de Realidad Virtual (VR)<\/b> representa una de esas fronteras: un dominio donde las pr\u00e1cticas de desarrollo est\u00e1ndar fallan y una comprensi\u00f3n profunda de la inmersi\u00f3n, el rendimiento y la interacci\u00f3n humano-computadora es primordial.<\/p>\n<p>Finalmente, nada de esto importa si el producto no es estable. La base de cualquier juego exitoso, ya sea un t\u00edtulo m\u00f3vil impulsado por LiveOps o una experiencia inmersiva de VR, es una <b>calidad intransigente<\/b>. Aqu\u00ed es donde un proceso de <b>Pruebas de Juegos y QA (Aseguramiento de Calidad)<\/b> de clase mundial se convierte en la parte m\u00e1s cr\u00edtica, y a menudo la m\u00e1s subestimada, del ciclo de desarrollo.<\/p>\n<p>Nuestro estudio est\u00e1 dise\u00f1ado para ser su socio a largo plazo durante <i>todo<\/i> el ciclo de vida posterior al lanzamiento y el desarrollo especializado. Somos un proveedor de servicios dedicado centrado en tres verticales cr\u00edticas:<\/p>\n<ol start=\"1\">\n<li>\n<p><b>Servicios de LiveOps de Juegos de Extremo a Extremo:<\/b> Funcionamos como el \u00abcontrol de misi\u00f3n\u00bb de su juego, gestionando todo, desde flujos de contenido y eventos en el juego hasta el equilibrio de la econom\u00eda y el mantenimiento del backend.<\/p>\n<\/li>\n<li>\n<p><b>Desarrollo Especializado de Juegos VR:<\/b> Somos un equipo \u00abskunkworks\u00bb de expertos en VR, listos para construir experiencias de VR independientes completas o portar su IP existente a plataformas como Meta Quest.<\/p>\n<\/li>\n<li>\n<p><b>Pruebas de Juegos y QA Integral:<\/b> Somos sus guardianes de calidad dedicados, brindando un espectro completo de servicios de QA, desde pruebas de funcionalidad y cumplimiento hasta rendimiento y localizaci\u00f3n.<\/p>\n<\/li>\n<\/ol>\n<p>Este documento explorar\u00e1 la profundidad de cada servicio, nuestras metodolog\u00edas probadas y los modelos de compromiso flexibles que empleamos para asegurar que su juego no solo sobreviva, sino que <i>prospere<\/i> en el competitivo mercado en vivo.<\/p>\n<hr \/>\n<p>\u00a0<\/p>\n<h3><b>Secci\u00f3n 1: Los Pilares Centrales de los Servicios de LiveOps<\/b><\/h3>\n<p>\u00a0<\/p>\n<p>LiveOps es una ciencia basada en datos. Es el arte de mantener su juego en vivo respirando, evolucionando y siendo rentable. Nuestra divisi\u00f3n de LiveOps es una unidad aut\u00f3noma de productores, analistas de datos, artistas e ingenieros, listos para asumir la plena propiedad de la hoja de ruta posterior al lanzamiento de su juego.<\/p>\n<p><b>1.1. Servicio: Gesti\u00f3n del Flujo de Contenido (Content Pipeline)<\/b> Un t\u00edtulo GaaS vive o muere por la calidad y la cadencia de su contenido.<\/p>\n<ul>\n<li>\n<p><b>Qu\u00e9 es:<\/b> Gestionamos todo el ciclo de vida de creaci\u00f3n, prueba e implementaci\u00f3n de nuevo contenido en el juego. Esto incluye nuevas skins de jugadores, modelos de armas, activos estacionales (por ejemplo, un tema de \u00abInvierno\u00bb), nuevos niveles y nuevas l\u00edneas de misiones.<\/p>\n<\/li>\n<li>\n<p><b>Nuestro Proceso:<\/b><\/p>\n<ol start=\"1\">\n<li>\n<p><b>Planificaci\u00f3n de la Hoja de Ruta:<\/b> Colaboramos con usted para construir una hoja de ruta de contenido de 3, 6 o 12 meses, aline\u00e1ndonos con las tendencias estacionales, las solicitudes de la comunidad y sus objetivos de monetizaci\u00f3n.<\/p>\n<\/li>\n<li>\n<p><b>Producci\u00f3n:<\/b> Nuestro equipo integrado de artistas 3D, artistas 2D y artistas t\u00e9cnicos crea activos de alta calidad que coinciden perfectamente con el estilo art\u00edstico existente y las especificaciones t\u00e9cnicas de su juego.<\/p>\n<\/li>\n<li>\n<p><b>Integraci\u00f3n e Implementaci\u00f3n:<\/b> Nuestros ingenieros integran este contenido en su juego, lo prueban en un entorno de ensayo (<i>staging<\/i>) y \u00abactivan el interruptor\u00bb para implementarlo a los jugadores con cero tiempo de inactividad.<\/p>\n<\/li>\n<\/ol>\n<\/li>\n<\/ul>\n<p><b>1.2. Servicio: Gesti\u00f3n de Eventos y Calendario en el Juego<\/b> Los eventos son el alma del compromiso del jugador, creando picos en la actividad y el gasto.<\/p>\n<ul>\n<li>\n<p><b>Qu\u00e9 es:<\/b> Dise\u00f1amos, implementamos y gestionamos un calendario completo de eventos en el juego.<\/p>\n<\/li>\n<li>\n<p><b>Ejemplos de Eventos que Ejecutamos:<\/b><\/p>\n<ul>\n<li>\n<p><b>Eventos Estacionales:<\/b> Halloween, Vacaciones de Invierno, A\u00f1o Nuevo Lunar. Desplegamos interfaces de usuario tem\u00e1ticas en el lobby, misiones de eventos especiales y recompensas cosm\u00e9ticas por tiempo limitado.<\/p>\n<\/li>\n<li>\n<p><b>Eventos Comunitarios:<\/b> \u00abFines de Semana de Doble XP\u00bb, \u00abTorneos dirigidos por Creadores\u00bb.<\/p>\n<\/li>\n<li>\n<p><b>Eventos de Monetizaci\u00f3n:<\/b> \u00abVentas Flash\u00bb en art\u00edculos espec\u00edficos, \u00abPaquetes de Inicio\u00bb por tiempo limitado para nuevos jugadores.<\/p>\n<\/li>\n<\/ul>\n<\/li>\n<li>\n<p><b>Nuestro Proceso:<\/b> Utilizamos sus herramientas de backend (o las nuestras) para programar y activar estos eventos, monitorear su desempe\u00f1o en tiempo real y proporcionar un an\u00e1lisis post-mortem de su impacto en el compromiso del jugador y los ingresos.<\/p>\n<\/li>\n<\/ul>\n<p><b>1.3. Servicio: Monetizaci\u00f3n y Equilibrio de la Econom\u00eda<\/b> Una econom\u00eda saludable en el juego es un acto de equilibrio delicado.<\/p>\n<ul>\n<li>\n<p><b>Qu\u00e9 es:<\/b> Somos la \u00abReserva Federal\u00bb de su juego. Monitoreamos continuamente su econom\u00eda en el juego (tanto monedas blandas como duras) para asegurar que se mantenga equilibrada, justa y rentable.<\/p>\n<\/li>\n<li>\n<p><b>Nuestro Proceso:<\/b><\/p>\n<ol start=\"1\">\n<li>\n<p><b>An\u00e1lisis de Datos:<\/b> Analizamos los \u00abgrifos\u00bb de moneda (formas de ganar) y los \u00absumideros\u00bb (formas de gastar). Respondemos preguntas como: \u00ab\u00bfEst\u00e1n los jugadores ganando moneda m\u00e1s r\u00e1pido de lo que pueden gastarla?\u00bb (lo que lleva a la inflaci\u00f3n) o \u00ab\u00bfEl precio de la nueva skin de arma es demasiado alto?\u00bb (lo que lleva a una baja conversi\u00f3n).<\/p>\n<\/li>\n<li>\n<p><b>Pruebas A\/B:<\/b> Somos expertos en pruebas A\/B de monetizaci\u00f3n. Ejecutaremos pruebas como, \u00ab\u00bfUn paquete de $4.99 convierte mejor que un paquete de $9.99?\u00bb o \u00ab\u00bfLas cajas &#8216;gacha&#8217; funcionan mejor que los art\u00edculos de compra directa?\u00bb.<\/p>\n<\/li>\n<li>\n<p><b>Estrategia de Precios:<\/b> Dise\u00f1amos e implementamos su tienda en el juego, incluidos los Pases de Batalla, paquetes estacionales y paquetes para principiantes, todo impulsado por datos sobre el comportamiento de gasto de los jugadores.<\/p>\n<\/li>\n<\/ol>\n<\/li>\n<\/ul>\n<p><b>1.4. Servicio: Anal\u00edtica, BI y Mantenimiento del Backend<\/b> LiveOps es imposible sin datos y una plataforma estable.<\/p>\n<ul>\n<li>\n<p><b>Qu\u00e9 es:<\/b> Somos sus cient\u00edficos de datos y su equipo de operaciones de servidor 24\/7.<\/p>\n<\/li>\n<li>\n<p><b>Anal\u00edtica e Inteligencia de Negocios (BI):<\/b> Configuramos y monitoreamos sus Indicadores Clave de Desempe\u00f1o (KPIs) principales. Construimos paneles personalizados (en herramientas como Tableau, Looker o Grafana) para rastrear <b>DAU\/MAU<\/b> (Usuarios Activos Diarios\/Mensuales), <b>ARPU\/ARPDAU<\/b> (Ingreso Promedio Por Usuario), <b>Tasa de Conversi\u00f3n<\/b>, <b>Tasa de Abandono<\/b> (<i>Churn Rate<\/i>) y <b>Retenci\u00f3n (D1, D7, D30)<\/b>. Entregamos informes semanales que no solo <i>muestran<\/i> datos, sino que proporcionan <i>informaci\u00f3n procesable<\/i>.<\/p>\n<\/li>\n<li>\n<p><b>Mantenimiento de Backend y Servidor:<\/b> Nuestros ingenieros de guardia monitorean la salud de su servidor las 24 horas del d\u00eda, los 7 d\u00edas de la semana. Escalamos la capacidad del servidor durante las horas pico (por ejemplo, para el lanzamiento de un evento), implementamos correcciones urgentes (<i>hotfixes<\/i>) para errores cr\u00edticos y garantizamos un tiempo de actividad del 99.99%.<\/p>\n<\/li>\n<\/ul>\n<hr \/>\n<p>\u00a0<\/p>\n<h3><b>Secci\u00f3n 2: Desarrollo Especializado \u2013 La Frontera de la Realidad Virtual (VR)<\/b><\/h3>\n<p>\u00a0<\/p>\n<p>La VR no es solo \u00abun juego en una pantalla\u00bb. Es una experiencia inmersiva de cuerpo completo que requiere una filosof\u00eda de desarrollo completamente diferente. Nuestro equipo dedicado de VR se especializa en crear contenido para plataformas l\u00edderes como <b>Meta Quest (2, 3, Pro)<\/b>, <b>PSVR2<\/b> y <b>SteamVR<\/b>.<\/p>\n<p><b>2.1. Los Desaf\u00edos \u00danicos del Desarrollo de VR<\/b> Nuestra experiencia se define por nuestras soluciones a estos problemas espec\u00edficos de VR.<\/p>\n<ul>\n<li>\n<p><b>El Rendimiento es Innegociable:<\/b> En un juego de PC, caer de 60fps a 45fps es molesto. En VR, caer por debajo de la frecuencia de actualizaci\u00f3n de 72Hz\/90Hz\/120Hz induce <b>mareo por movimiento<\/b> y es f\u00edsicamente inc\u00f3modo.<\/p>\n<ul>\n<li>\n<p><b>Nuestra Soluci\u00f3n:<\/b> Nuestros ingenieros de VR son maestros de la optimizaci\u00f3n. Somos despiadados con las <b>llamadas de dibujo<\/b> (<i>draw calls<\/i>), <b>recuento de pol\u00edgonos<\/b> y <b>complejidad de sombreadores<\/b>. Utilizamos t\u00e9cnicas como <b>Renderizado Foveado Fijo<\/b> (renderizar la periferia a una resoluci\u00f3n m\u00e1s baja) y una agresiva <b>selecci\u00f3n de oclusi\u00f3n<\/b> (<i>occlusion culling<\/i>) para garantizar una experiencia s\u00f3lida y de alta frecuencia de actualizaci\u00f3n.<\/p>\n<\/li>\n<\/ul>\n<\/li>\n<li>\n<p><b>La Interacci\u00f3n es F\u00edsica:<\/b> Los jugadores no pueden simplemente \u00abpresionar X\u00bb. Deben <i>agarrar<\/i> f\u00edsicamente el objeto, <i>tirar<\/i> de la palanca y <i>blandir<\/i> la espada.<\/p>\n<ul>\n<li>\n<p><b>Nuestra Soluci\u00f3n:<\/b> Somos expertos en interacci\u00f3n basada en la f\u00edsica. Construimos sistemas robustos para la presencia de manos, agarre de objetos y f\u00edsica realista (por ejemplo, un agarre \u00abpegajoso\u00bb para una cornisa, una sensaci\u00f3n impulsada por el peso para un hacha de dos manos). Esto es lo que crea \u00abpresencia\u00bb e \u00abinmersi\u00f3n\u00bb.<\/p>\n<\/li>\n<\/ul>\n<\/li>\n<li>\n<p><b>La Locomoci\u00f3n es un Problema Resuelto (para nosotros):<\/b> C\u00f3mo se mueve un jugador es uno de los mayores desaf\u00edos de dise\u00f1o.<\/p>\n<ul>\n<li>\n<p><b>Nuestra Soluci\u00f3n:<\/b> Proporcionamos un conjunto completo de \u00abopciones de comodidad\u00bb listas para usar. Esto incluye <b>Teletransportaci\u00f3n<\/b> (para nuevos usuarios), <b>Locomoci\u00f3n Suave<\/b> (para veteranos), <b>Giro R\u00e1pido<\/b> (<i>Snap-Turning<\/i>) y <b>Vi\u00f1eteado<\/b> (oscurecer el campo de visi\u00f3n durante el movimiento) para mitigar el mareo.<\/p>\n<\/li>\n<\/ul>\n<\/li>\n<\/ul>\n<p><b>2.2. Nuestros Servicios de Desarrollo de VR<\/b><\/p>\n<ul>\n<li>\n<p><b>Desarrollo Completo de Juegos VR (Unity\/Unreal):<\/b> Usted tiene un GDD para un juego nativo de VR (por ejemplo, un RPG, un shooter, un juego de rompecabezas). Lo llevamos desde el concepto hasta un producto completamente enviable, manejando todos los desaf\u00edos \u00fanicos del dise\u00f1o y la ingenier\u00eda de VR.<\/p>\n<\/li>\n<li>\n<p><b>Portabilidad de PC a VR:<\/b> Esto <i>no<\/i> es un puerto simple. Es una <b>re-imaginaci\u00f3n<\/b> completa del juego.<\/p>\n<ul>\n<li>\n<p><b>Caso de Uso:<\/b> Un cliente tiene un exitoso juego de terror en primera persona para PC. Nos contratan para crear una versi\u00f3n de VR independiente para Meta Quest 3.<\/p>\n<\/li>\n<li>\n<p><b>Nuestro Proceso:<\/b><\/p>\n<ol start=\"1\">\n<li>\n<p><b>Deconstrucci\u00f3n:<\/b> Primero analizamos las mec\u00e1nicas centrales. \u00abPresionar E para abrir la puerta\u00bb se convierte en \u00abagarrar f\u00edsicamente el pomo y tirar\u00bb.<\/p>\n<\/li>\n<li>\n<p><b>Reconstrucci\u00f3n:<\/b> Reconstruimos todos los sistemas de interacci\u00f3n desde cero para controladores de VR.<\/p>\n<\/li>\n<li>\n<p><b>Optimizaci\u00f3n:<\/b> Tomamos los activos de PC de alta poligonizaci\u00f3n y \u00abhorneamos\u00bb sus detalles en modelos de baja poligonizaci\u00f3n y alto rendimiento que pueden ejecutarse en el chipset m\u00f3vil de Quest.<\/p>\n<\/li>\n<li>\n<p><b>UI\/UX:<\/b> Toda la UI de PC (barras de salud, mapas) se elimina y se reingresa diet\u00e9ticamente (por ejemplo, un monitor de salud en la mu\u00f1eca del jugador, un mapa f\u00edsico en su mano).<\/p>\n<\/li>\n<\/ol>\n<\/li>\n<\/ul>\n<\/li>\n<li>\n<p><b>\u00abExperiencias\u00bb y Simulaciones de VR:<\/b> M\u00e1s all\u00e1 de los juegos, construimos simulaciones de entrenamiento de VR de alta gama, visualizaciones arquitect\u00f3nicas y experiencias de marketing impulsadas por la marca.<\/p>\n<\/li>\n<\/ul>\n<hr \/>\n<p>\u00a0<\/p>\n<h3><b>Secci\u00f3n 3: Servicios Integrales de Pruebas de Juegos y QA<\/b><\/h3>\n<p>\u00a0<\/p>\n<p>El Aseguramiento de Calidad (QA) es el cortafuegos que protege a sus jugadores de una mala experiencia y a su estudio de una pesadilla de relaciones p\u00fablicas. Nuestra divisi\u00f3n de QA es un cuerpo independiente y altamente capacitado que proporciona pruebas meticulosas, imparciales y basadas en datos.<\/p>\n<p><b>3.1. Nuestras Ofertas de Servicios de QA<\/b><\/p>\n<ul>\n<li>\n<p><b>QA de Funcionalidad:<\/b><\/p>\n<ul>\n<li>\n<p><b>Qu\u00e9 es:<\/b> La prueba de \u00ab\u00bffunciona esto?\u00bb. Nuestros probadores de QA siguen planes de prueba detallados (que podemos ayudarle a crear) para verificar sistem\u00e1ticamente cada caracter\u00edstica del juego.<\/p>\n<\/li>\n<li>\n<p><b>Proceso:<\/b> Probamos mec\u00e1nicas de juego, funcionalidad de UI, audio y m\u00e1s. Identificamos, replicamos y documentamos errores en su rastreador de errores (Jira, DevTrack, etc.) con evidencia de video\/captura de pantalla y descripciones claras y procesables.<\/p>\n<\/li>\n<\/ul>\n<\/li>\n<li>\n<p><b>Pruebas de Cumplimiento y Certificaci\u00f3n:<\/b><\/p>\n<ul>\n<li>\n<p><b>Qu\u00e9 es:<\/b> Este es un servicio altamente especializado de \u00abaprobado\/reprobado\u00bb. Sony, Microsoft y Nintendo tienen libros de reglas extensos de varios cientos de p\u00e1ginas (TRC, TCR) que su juego <i>debe<\/i> aprobar para ser publicado en su consola.<\/p>\n<\/li>\n<li>\n<p><b>Nuestra Experiencia:<\/b> Tenemos un <b>Equipo de QA de Cumplimiento<\/b> dedicado que <i>solo<\/i> hace esto. Son expertos en estos requisitos t\u00e9cnicos, desde el manejo correcto del mensaje \u00abcontrolador desconectado\u00bb hasta los protocolos de guardado de datos. \u00abPre-certificaremos\u00bb su juego, encontraremos todas las fallas de cumplimiento y proporcionaremos soluciones <i>antes<\/i> de que lo env\u00ede al titular de la plataforma, ahorr\u00e1ndole semanas o meses de fallas en el env\u00edo.<\/p>\n<\/li>\n<\/ul>\n<\/li>\n<li>\n<p><b>Pruebas de Compatibilidad y Rendimiento:<\/b><\/p>\n<ul>\n<li>\n<p><b>Qu\u00e9 es:<\/b> Asegurar que su juego se ejecute en una amplia variedad de hardware.<\/p>\n<\/li>\n<li>\n<p><b>Para PC:<\/b> Mantenemos un \u00abLaboratorio de Dispositivos\u00bb con docenas de configuraciones de PC (diferentes GPU de NVIDIA\/AMD, diferentes CPU, cantidades de RAM). Probaremos su juego a trav\u00e9s de esta matriz y entregaremos puntos de referencia de rendimiento detallados, identificando qu\u00e9 configuraciones causan ca\u00eddas de FPS.<\/p>\n<\/li>\n<li>\n<p><b>Para M\u00f3vil:<\/b> Tenemos una granja de dispositivos de m\u00e1s de 100 dispositivos iOS y Android reales, desde gama alta (iPhone 15, Galaxy S24) hasta gama baja (iPhone 11, Androids de baja especificaci\u00f3n). Identificaremos fugas de memoria, bloqueos y problemas de rendimiento en dispositivos espec\u00edficos.<\/p>\n<\/li>\n<\/ul>\n<\/li>\n<li>\n<p><b>QA de Localizaci\u00f3n (LQA):<\/b><\/p>\n<ul>\n<li>\n<p><b>Qu\u00e9 es:<\/b> Comprobar la <i>calidad<\/i> de su traducci\u00f3n. Una traducci\u00f3n directa a menudo es incorrecta. \u00abExit\u00bb en ingl\u00e9s podr\u00eda traducirse al literal \u00absalir hacia afuera\u00bb en lugar del contexto del bot\u00f3n \u00abSalir\u00bb (Quit).<\/p>\n<\/li>\n<li>\n<p><b>Nuestro Proceso:<\/b> Nuestros probadores nativos (admitimos m\u00e1s de 15 idiomas) jugar\u00e1n su juego y verificar\u00e1n:<\/p>\n<ul>\n<li>\n<p><b>Errores Contextuales:<\/b> La traducci\u00f3n es t\u00e9cnicamente correcta pero \u00absuena rara\u00bb.<\/p>\n<\/li>\n<li>\n<p><b>Truncamiento\/Roturas de UI:<\/b> La palabra alemana es demasiado larga y se sale del bot\u00f3n de la UI.<\/p>\n<\/li>\n<li>\n<p><b>Insensibilidad Cultural:<\/b> Un gesto de mano o s\u00edmbolo que es inofensivo en una cultura es ofensivo en otra.<\/p>\n<\/li>\n<\/ul>\n<\/li>\n<\/ul>\n<\/li>\n<li>\n<p><b>Pruebas de Regresi\u00f3n:<\/b><\/p>\n<ul>\n<li>\n<p><b>Qu\u00e9 es:<\/b> \u00abEl nuevo parche arregl\u00f3 el Bug A&#8230; pero \u00bfrompi\u00f3 el Bug B, C y D?\u00bb. Cada vez que su equipo de desarrollo env\u00eda una nueva compilaci\u00f3n, nuestro equipo de regresi\u00f3n vuelve a probar toda la funcionalidad <i>antigua<\/i> para asegurarse de que nada se haya roto. Esta es la parte m\u00e1s cr\u00edtica de las pruebas para un juego de LiveOps.<\/p>\n<\/li>\n<\/ul>\n<\/li>\n<\/ul>\n<hr \/>\n<p>\u00a0<\/p>\n<h3><b>Secci\u00f3n 4: Modelos de Precios y Compromiso para Servicios a Largo Plazo<\/b><\/h3>\n<p>\u00a0<\/p>\n<p>Nuestros modelos est\u00e1n dise\u00f1ados para asociaciones a largo plazo.<\/p>\n<p><b>Modelo 1: Retenedor Mensual (El Modelo \u00abLiveOps\u00bb)<\/b> Este es el modelo m\u00e1s com\u00fan para LiveOps y soporte continuo de QA.<\/p>\n<ul>\n<li>\n<p><b>C\u00f3mo funciona:<\/b> Usted paga una tarifa mensual fija y plana. A cambio, obtiene un equipo dedicado e \u00abintegrado\u00bb de nuestra parte.<\/p>\n<\/li>\n<li>\n<p><b>Ejemplo de Paquete \u00abGold\u00bb de LiveOps:<\/b> Por <b>$50,000\/mes<\/b>, recibe un equipo dedicado de 5 personas: 1 Gerente de Productor\/LiveOps, 1 Analista de Datos, 1 Artista Senior, 1 Ingeniero Junior y 1 Probador de QA. Este equipo trabaja 40 horas\/semana <i>solo<\/i> en su juego, gestionando su calendario de eventos, flujo de contenido y an\u00e1lisis.<\/p>\n<\/li>\n<li>\n<p><b>Ejemplo de Retenedor de QA:<\/b> Por <b>$10,000\/mes<\/b>, recibe un equipo dedicado de 4 probadores de QA que realizan pruebas de regresi\u00f3n diarias, prueban todas las caracter\u00edsticas nuevas y proporcionan monitoreo de errores las 24 horas.<\/p>\n<\/li>\n<li>\n<p><b>Beneficio:<\/b> Costos predecibles, un equipo estable que construye un profundo conocimiento espec\u00edfico del proyecto y la capacidad de escalar el equipo hacia arriba o hacia abajo con un aviso de 30 d\u00edas.<\/p>\n<\/li>\n<\/ul>\n<p><b>Modelo 2: Precio Fijo (El Modelo \u00abProyecto\u00bb)<\/b> Esto es ideal para proyectos de desarrollo discretos y especializados.<\/p>\n<ul>\n<li>\n<p><b>C\u00f3mo funciona:<\/b> Proporcionamos un precio \u00fanico y fijo para un entregable espec\u00edfico y bien definido.<\/p>\n<\/li>\n<li>\n<p><b>Mejor para:<\/b><\/p>\n<ul>\n<li>\n<p><b>Desarrollo de Juegos VR:<\/b> \u00abDesarrollar nuestra simulaci\u00f3n de entrenamiento de VR de 30 minutos\u00bb.<\/p>\n<\/li>\n<li>\n<p><b>Portabilidad de PC a VR:<\/b> \u00abEntregar un port con caracter\u00edsticas completas para Meta Quest 3 de nuestro t\u00edtulo de PC\u00bb.<\/p>\n<\/li>\n<li>\n<p><b>Hitos de QA:<\/b> \u00abProporcionar un barrido completo de Prueba de Cumplimiento para nuestra compilaci\u00f3n de PS5\u00bb, o \u00abCompletar un pase de prueba de funcionalidad de 1,000 horas en nuestra compilaci\u00f3n Alfa\u00bb.<\/p>\n<\/li>\n<\/ul>\n<\/li>\n<li>\n<p><b>Beneficio:<\/b> Cero riesgo de sobrecostos. El precio est\u00e1 bloqueado. El pago est\u00e1 vinculado a hitos claros.<\/p>\n<\/li>\n<\/ul>\n<p><b>Modelo 3: Tiempo y Materiales (T&amp;M) (El Modelo \u00abConsultor\u00eda\u00bb)<\/b> Este es nuestro modelo flexible bajo demanda.<\/p>\n<ul>\n<li>\n<p><b>C\u00f3mo funciona:<\/b> Usted paga por las horas exactas trabajadas por nuestros especialistas, seg\u00fan una tarjeta de tarifas transparente.<\/p>\n<\/li>\n<li>\n<p><b>Mejor para:<\/b><\/p>\n<ul>\n<li>\n<p><b>Soporte de Emergencia:<\/b> \u00abNuestro backend est\u00e1 en llamas y necesitamos un ingeniero de servidores senior <i>ahora<\/i> durante 48 horas\u00bb.<\/p>\n<\/li>\n<li>\n<p><b>Auditor\u00edas Especializadas:<\/b> \u00abNecesitamos que su Director T\u00e9cnico de VR consulte con nuestro equipo durante 20 horas para revisar nuestro prototipo y estrategia de optimizaci\u00f3n\u00bb.<\/p>\n<\/li>\n<li>\n<p><b>QA Ad-hoc:<\/b> \u00abTenemos un parche peque\u00f1o y solo necesitamos 50 horas de pruebas de QA esta semana\u00bb.<\/p>\n<\/li>\n<\/ul>\n<\/li>\n<li>\n<p><b>Beneficio:<\/b> M\u00e1xima flexibilidad. Sin compromiso a largo plazo. Acceso a talento de nivel \u00e9lite precisamente cuando lo necesita.<\/p>\n<\/li>\n<\/ul>\n<p>\u00a0<\/p>\n<h3><b>Conclusi\u00f3n: Su Socio para el Ciclo de Vida Completo del Juego<\/b><\/h3>\n<p>\u00a0<\/p>\n<p>El \u00e9xito de un juego no es un evento \u00fanico; es un proceso continuo. Es un proceso de involucrar a los jugadores con LiveOps, explorar nuevas fronteras con tecnolog\u00edas como la VR y proteger su producto con un QA riguroso.<\/p>\n<p>Nuestro estudio fue fundado para ser el socio que lo acompa\u00f1a en todo ese viaje. Proporcionamos la estabilidad, la experiencia y la excelencia operativa que necesita para gestionar su juego en vivo, permitiendo que su equipo central se concentre en lo que mejor sabe hacer: crear el <i>pr\u00f3ximo<\/i> \u00e9xito.<\/p>\n<p>Lo invitamos a contactarnos para una consulta detallada. Hablemos sobre su hoja de ruta posterior al lanzamiento, sus ambiciones en VR o sus desaf\u00edos de QA. Estamos listos para ser sus socios a largo plazo en calidad y \u00e9xito.<\/p>","protected":false},"excerpt":{"rendered":"<p>Servicios Premier de LiveOps de Juegos, Desarrollo Especializado (VR) y QA Integral \u00a0 \u00a0 Introducci\u00f3n: M\u00e1s All\u00e1 del Lanzamiento \u2013 La Ciencia del \u00c9xito Sostenido \u00a0 En la econom\u00eda moderna de \u00abJuegos como Servicio\u00bb (GaaS), el \u00abd\u00eda de lanzamiento\u00bb no es la l\u00ednea de meta; es la l\u00ednea de salida. Un lanzamiento exitoso es simplemente&#8230;<\/p>","protected":false},"featured_media":63,"comment_status":"open","ping_status":"closed","template":"","meta":{"_kad_post_transparent":"","_kad_post_title":"","_kad_post_layout":"","_kad_post_sidebar_id":"","_kad_post_content_style":"","_kad_post_vertical_padding":"","_kad_post_feature":"","_kad_post_feature_position":"","_kad_post_header":false,"_kad_post_footer":false,"_kad_post_classname":""},"product_brand":[],"product_cat":[16],"product_tag":[],"class_list":{"0":"post-1517","1":"product","2":"type-product","3":"status-publish","4":"has-post-thumbnail","6":"product_cat-outsourcing-de-desarrollo-de-juegos","8":"first","9":"instock","10":"shipping-taxable","11":"purchasable","12":"product-type-simple","13":"entry","14":"content-bg","15":"loop-entry"},"_links":{"self":[{"href":"https:\/\/gameartoutsourcestudio.de\/it\/wp-json\/wp\/v2\/product\/1517","targetHints":{"allow":["GET"]}}],"collection":[{"href":"https:\/\/gameartoutsourcestudio.de\/it\/wp-json\/wp\/v2\/product"}],"about":[{"href":"https:\/\/gameartoutsourcestudio.de\/it\/wp-json\/wp\/v2\/types\/product"}],"replies":[{"embeddable":true,"href":"https:\/\/gameartoutsourcestudio.de\/it\/wp-json\/wp\/v2\/comments?post=1517"}],"wp:featuredmedia":[{"embeddable":true,"href":"https:\/\/gameartoutsourcestudio.de\/it\/wp-json\/wp\/v2\/media\/63"}],"wp:attachment":[{"href":"https:\/\/gameartoutsourcestudio.de\/it\/wp-json\/wp\/v2\/media?parent=1517"}],"wp:term":[{"taxonomy":"product_brand","embeddable":true,"href":"https:\/\/gameartoutsourcestudio.de\/it\/wp-json\/wp\/v2\/product_brand?post=1517"},{"taxonomy":"product_cat","embeddable":true,"href":"https:\/\/gameartoutsourcestudio.de\/it\/wp-json\/wp\/v2\/product_cat?post=1517"},{"taxonomy":"product_tag","embeddable":true,"href":"https:\/\/gameartoutsourcestudio.de\/it\/wp-json\/wp\/v2\/product_tag?post=1517"}],"curies":[{"name":"wp","href":"https:\/\/api.w.org\/{rel}","templated":true}]}}